{"id":126,"date":"2025-04-18T19:05:26","date_gmt":"2025-04-18T17:05:26","guid":{"rendered":"http:\/\/allotoclean.fr\/?page_id=126"},"modified":"2025-04-27T17:02:40","modified_gmt":"2025-04-27T15:02:40","slug":"galerie-nettoyage-automobile","status":"publish","type":"page","link":"https:\/\/allotoclean.fr\/?page_id=126","title":{"rendered":"Galerie nettoyage Automobiles"},"content":{"rendered":"\n<figure class=\"wp-block-gallery has-nested-images columns-default is-cropped wp-block-gallery-1 is-layout-flex wp-block-gallery-is-layout-flex\">\n<figure class=\"wp-block-image size-large\"><img fetchpriority=\"high\" decoding=\"async\" width=\"1350\" height=\"1350\" data-id=\"127\" src=\"http:\/\/allotoclean.fr\/wp-content\/uploads\/2025\/04\/RenovationPhare2-edited.jpg\" alt=\"AlloToClean, r\u00e9novation phare voiture Pr\u00e9paration, travail soign\u00e9\" class=\"wp-image-127\" srcset=\"https:\/\/allotoclean.fr\/wp-content\/uploads\/2025\/04\/RenovationPhare2-edited.jpg 1350w, https:\/\/allotoclean.fr\/wp-content\/uploads\/2025\/04\/RenovationPhare2-edited-300x300.jpg 300w, https:\/\/allotoclean.fr\/wp-content\/uploads\/2025\/04\/RenovationPhare2-edited-1024x1024.jpg 1024w, https:\/\/allotoclean.fr\/wp-content\/uploads\/2025\/04\/RenovationPhare2-edited-150x150.jpg 150w, https:\/\/allotoclean.fr\/wp-content\/uploads\/2025\/04\/RenovationPhare2-edited-768x768.jpg 768w\" sizes=\"(max-width: 1350px) 100vw, 1350px\" \/><\/figure>\n\n\n\n<figure class=\"wp-block-image size-large\"><img decoding=\"async\" width=\"1350\" height=\"1350\" data-id=\"128\" src=\"http:\/\/allotoclean.fr\/wp-content\/uploads\/2025\/04\/RenovationPhare3-edited-1.jpg\" alt=\"AlloToClean, r\u00e9novation phare voiture R\u00e9sultat professionnel\" class=\"wp-image-128\" srcset=\"https:\/\/allotoclean.fr\/wp-content\/uploads\/2025\/04\/RenovationPhare3-edited-1.jpg 1350w, https:\/\/allotoclean.fr\/wp-content\/uploads\/2025\/04\/RenovationPhare3-edited-1-300x300.jpg 300w, https:\/\/allotoclean.fr\/wp-content\/uploads\/2025\/04\/RenovationPhare3-edited-1-1024x1024.jpg 1024w, https:\/\/allotoclean.fr\/wp-content\/uploads\/2025\/04\/RenovationPhare3-edited-1-150x150.jpg 150w, https:\/\/allotoclean.fr\/wp-content\/uploads\/2025\/04\/RenovationPhare3-edited-1-768x768.jpg 768w\" sizes=\"(max-width: 1350px) 100vw, 1350px\" \/><\/figure>\n\n\n\n<figure class=\"wp-block-image size-large\"><img decoding=\"async\" width=\"1536\" height=\"1536\" data-id=\"129\" src=\"http:\/\/allotoclean.fr\/wp-content\/uploads\/2025\/04\/RenovationPhare1-edited-1.jpg\" alt=\"\" class=\"wp-image-129\" srcset=\"https:\/\/allotoclean.fr\/wp-content\/uploads\/2025\/04\/RenovationPhare1-edited-1.jpg 1536w, https:\/\/allotoclean.fr\/wp-content\/uploads\/2025\/04\/RenovationPhare1-edited-1-300x300.jpg 300w, https:\/\/allotoclean.fr\/wp-content\/uploads\/2025\/04\/RenovationPhare1-edited-1-1024x1024.jpg 1024w, https:\/\/allotoclean.fr\/wp-content\/uploads\/2025\/04\/RenovationPhare1-edited-1-150x150.jpg 150w, https:\/\/allotoclean.fr\/wp-content\/uploads\/2025\/04\/RenovationPhare1-edited-1-768x768.jpg 768w\" sizes=\"(max-width: 1536px) 100vw, 1536px\" \/><\/figure>\n\n\n\n<figure class=\"wp-block-image size-large\"><img loading=\"lazy\" decoding=\"async\" width=\"1350\" height=\"1350\" data-id=\"130\" src=\"http:\/\/allotoclean.fr\/wp-content\/uploads\/2025\/04\/RenovationPhare4-edited-1.jpg\" alt=\"AlloToClean, r\u00e9novation phare voiture Pr\u00e9paration\" class=\"wp-image-130\" srcset=\"https:\/\/allotoclean.fr\/wp-content\/uploads\/2025\/04\/RenovationPhare4-edited-1.jpg 1350w, https:\/\/allotoclean.fr\/wp-content\/uploads\/2025\/04\/RenovationPhare4-edited-1-300x300.jpg 300w, https:\/\/allotoclean.fr\/wp-content\/uploads\/2025\/04\/RenovationPhare4-edited-1-1024x1024.jpg 1024w, https:\/\/allotoclean.fr\/wp-content\/uploads\/2025\/04\/RenovationPhare4-edited-1-150x150.jpg 150w, https:\/\/allotoclean.fr\/wp-content\/uploads\/2025\/04\/RenovationPhare4-edited-1-768x768.jpg 768w\" sizes=\"(max-width: 1350px) 100vw, 1350px\" \/><\/figure>\n<\/figure>\n","protected":false},"excerpt":{"rendered":"","protected":false},"author":1,"featured_media":0,"parent":0,"menu_order":0,"comment_status":"closed","ping_status":"closed","template":"","meta":{"site-sidebar-layout":"default","site-content-layout":"","ast-site-content-layout":"","site-content-style":"default","site-sidebar-style":"default","ast-global-header-display":"","ast-banner-title-visibility":"","ast-main-header-display":"","ast-hfb-above-header-display":"","ast-hfb-below-header-display":"","ast-hfb-mobile-header-display":"","site-post-title":"","ast-breadcrumbs-content":"","ast-featured-img":"","footer-sml-layout":"","theme-transparent-header-meta":"","adv-header-id-meta":"","stick-header-meta":"","header-above-stick-meta":"","header-main-stick-meta":"","header-below-stick-meta":"","astra-migrate-meta-layouts":"default","ast-page-background-enabled":"default","ast-page-background-meta":{"desktop":{"background-color":"var(--ast-global-color-5)","background-image":"","background-repeat":"repeat","background-position":"center center","background-size":"auto","background-attachment":"scroll","background-type":"","background-media":"","overlay-type":"","overlay-color":"","overlay-opacity":"","overlay-gradient":""},"tablet":{"background-color":"","background-image":"","background-repeat":"repeat","background-position":"center center","background-size":"auto","background-attachment":"scroll","background-type":"","background-media":"","overlay-type":"","overlay-color":"","overlay-opacity":"","overlay-gradient":""},"mobile":{"background-color":"","background-image":"","background-repeat":"repeat","background-position":"center center","background-size":"auto","background-attachment":"scroll","background-type":"","background-media":"","overlay-type":"","overlay-color":"","overlay-opacity":"","overlay-gradient":""}},"ast-content-background-meta":{"desktop":{"background-color":"var(--ast-global-color-4)","background-image":"","background-repeat":"repeat","background-position":"center center","background-size":"auto","background-attachment":"scroll","background-type":"","background-media":"","overlay-type":"","overlay-color":"","overlay-opacity":"","overlay-gradient":""},"tablet":{"background-color":"var(--ast-global-color-4)","background-image":"","background-repeat":"repeat","background-position":"center center","background-size":"auto","background-attachment":"scroll","background-type":"","background-media":"","overlay-type":"","overlay-color":"","overlay-opacity":"","overlay-gradient":""},"mobile":{"background-color":"var(--ast-global-color-4)","background-image":"","background-repeat":"repeat","background-position":"center center","background-size":"auto","background-attachment":"scroll","background-type":"","background-media":"","overlay-type":"","overlay-color":"","overlay-opacity":"","overlay-gradient":""}},"footnotes":""},"class_list":["post-126","page","type-page","status-publish","hentry"],"yoast_head":"<!-- This site is optimized with the Yoast SEO plugin v25.0 - https:\/\/yoast.com\/wordpress\/plugins\/seo\/ -->\n<title>Galerie nettoyage Automobiles - ALLOTOCLEAN<\/title>\n<meta name=\"robots\" content=\"index, follow, max-snippet:-1, max-image-preview:large, max-video-preview:-1\" \/>\n<link rel=\"canonical\" href=\"https:\/\/allotoclean.fr\/?page_id=126\" \/>\n<meta property=\"og:locale\" content=\"fr_FR\" \/>\n<meta property=\"og:type\" content=\"article\" \/>\n<meta property=\"og:title\" content=\"Galerie nettoyage Automobiles - ALLOTOCLEAN\" \/>\n<meta property=\"og:url\" content=\"https:\/\/allotoclean.fr\/?page_id=126\" \/>\n<meta property=\"og:site_name\" content=\"ALLOTOCLEAN\" \/>\n<meta property=\"article:publisher\" content=\"https:\/\/www.facebook.com\/p\/Allotoclean-61555261213813\/?locale=fr_FR\" \/>\n<meta property=\"article:modified_time\" content=\"2025-04-27T15:02:40+00:00\" \/>\n<meta property=\"og:image\" content=\"http:\/\/allotoclean.fr\/wp-content\/uploads\/2025\/04\/RenovationPhare2-edited.jpg\" \/>\n<meta name=\"twitter:card\" content=\"summary_large_image\" \/>\n<script type=\"application\/ld+json\" class=\"yoast-schema-graph\">{\"@context\":\"https:\/\/schema.org\",\"@graph\":[{\"@type\":\"WebPage\",\"@id\":\"https:\/\/allotoclean.fr\/?page_id=126\",\"url\":\"https:\/\/allotoclean.fr\/?page_id=126\",\"name\":\"Galerie nettoyage Automobiles - ALLOTOCLEAN\",\"isPartOf\":{\"@id\":\"https:\/\/allotoclean.fr\/#website\"},\"primaryImageOfPage\":{\"@id\":\"https:\/\/allotoclean.fr\/?page_id=126#primaryimage\"},\"image\":{\"@id\":\"https:\/\/allotoclean.fr\/?page_id=126#primaryimage\"},\"thumbnailUrl\":\"http:\/\/allotoclean.fr\/wp-content\/uploads\/2025\/04\/RenovationPhare2-edited.jpg\",\"datePublished\":\"2025-04-18T17:05:26+00:00\",\"dateModified\":\"2025-04-27T15:02:40+00:00\",\"breadcrumb\":{\"@id\":\"https:\/\/allotoclean.fr\/?page_id=126#breadcrumb\"},\"inLanguage\":\"fr-FR\",\"potentialAction\":[{\"@type\":\"ReadAction\",\"target\":[\"https:\/\/allotoclean.fr\/?page_id=126\"]}]},{\"@type\":\"ImageObject\",\"inLanguage\":\"fr-FR\",\"@id\":\"https:\/\/allotoclean.fr\/?page_id=126#primaryimage\",\"url\":\"https:\/\/allotoclean.fr\/wp-content\/uploads\/2025\/04\/RenovationPhare2-edited.jpg\",\"contentUrl\":\"https:\/\/allotoclean.fr\/wp-content\/uploads\/2025\/04\/RenovationPhare2-edited.jpg\",\"width\":1350,\"height\":1350,\"caption\":\"AlloToClean, r\u00e9novation phare voiture Pr\u00e9paration, travail soign\u00e9\"},{\"@type\":\"BreadcrumbList\",\"@id\":\"https:\/\/allotoclean.fr\/?page_id=126#breadcrumb\",\"itemListElement\":[{\"@type\":\"ListItem\",\"position\":1,\"name\":\"Accueil\",\"item\":\"https:\/\/allotoclean.fr\/\"},{\"@type\":\"ListItem\",\"position\":2,\"name\":\"Galerie nettoyage Automobiles\"}]},{\"@type\":\"WebSite\",\"@id\":\"https:\/\/allotoclean.fr\/#website\",\"url\":\"https:\/\/allotoclean.fr\/\",\"name\":\"ALLOTOCLEAN\",\"description\":\"Allo To Clean \u2013 Votre v\u00e9hicule et votre int\u00e9rieur comme neufs\",\"publisher\":{\"@id\":\"https:\/\/allotoclean.fr\/#organization\"},\"potentialAction\":[{\"@type\":\"SearchAction\",\"target\":{\"@type\":\"EntryPoint\",\"urlTemplate\":\"https:\/\/allotoclean.fr\/?s={search_term_string}\"},\"query-input\":{\"@type\":\"PropertyValueSpecification\",\"valueRequired\":true,\"valueName\":\"search_term_string\"}}],\"inLanguage\":\"fr-FR\"},{\"@type\":\"Organization\",\"@id\":\"https:\/\/allotoclean.fr\/#organization\",\"name\":\"ALLOTOCLEAN\",\"url\":\"https:\/\/allotoclean.fr\/\",\"logo\":{\"@type\":\"ImageObject\",\"inLanguage\":\"fr-FR\",\"@id\":\"https:\/\/allotoclean.fr\/#\/schema\/logo\/image\/\",\"url\":\"http:\/\/allotoclean.fr\/wp-content\/uploads\/2025\/04\/Logo-AlloToClean-scaled.png\",\"contentUrl\":\"http:\/\/allotoclean.fr\/wp-content\/uploads\/2025\/04\/Logo-AlloToClean-scaled.png\",\"width\":2560,\"height\":1440,\"caption\":\"ALLOTOCLEAN\"},\"image\":{\"@id\":\"https:\/\/allotoclean.fr\/#\/schema\/logo\/image\/\"},\"sameAs\":[\"https:\/\/www.facebook.com\/p\/Allotoclean-61555261213813\/?locale=fr_FR\"]}]}<\/script>\n<!-- \/ Yoast SEO plugin. -->","yoast_head_json":{"title":"Galerie nettoyage Automobiles - ALLOTOCLEAN","robots":{"index":"index","follow":"follow","max-snippet":"max-snippet:-1","max-image-preview":"max-image-preview:large","max-video-preview":"max-video-preview:-1"},"canonical":"https:\/\/allotoclean.fr\/?page_id=126","og_locale":"fr_FR","og_type":"article","og_title":"Galerie nettoyage Automobiles - ALLOTOCLEAN","og_url":"https:\/\/allotoclean.fr\/?page_id=126","og_site_name":"ALLOTOCLEAN","article_publisher":"https:\/\/www.facebook.com\/p\/Allotoclean-61555261213813\/?locale=fr_FR","article_modified_time":"2025-04-27T15:02:40+00:00","og_image":[{"url":"http:\/\/allotoclean.fr\/wp-content\/uploads\/2025\/04\/RenovationPhare2-edited.jpg","type":"","width":"","height":""}],"twitter_card":"summary_large_image","schema":{"@context":"https:\/\/schema.org","@graph":[{"@type":"WebPage","@id":"https:\/\/allotoclean.fr\/?page_id=126","url":"https:\/\/allotoclean.fr\/?page_id=126","name":"Galerie nettoyage Automobiles - ALLOTOCLEAN","isPartOf":{"@id":"https:\/\/allotoclean.fr\/#website"},"primaryImageOfPage":{"@id":"https:\/\/allotoclean.fr\/?page_id=126#primaryimage"},"image":{"@id":"https:\/\/allotoclean.fr\/?page_id=126#primaryimage"},"thumbnailUrl":"http:\/\/allotoclean.fr\/wp-content\/uploads\/2025\/04\/RenovationPhare2-edited.jpg","datePublished":"2025-04-18T17:05:26+00:00","dateModified":"2025-04-27T15:02:40+00:00","breadcrumb":{"@id":"https:\/\/allotoclean.fr\/?page_id=126#breadcrumb"},"inLanguage":"fr-FR","potentialAction":[{"@type":"ReadAction","target":["https:\/\/allotoclean.fr\/?page_id=126"]}]},{"@type":"ImageObject","inLanguage":"fr-FR","@id":"https:\/\/allotoclean.fr\/?page_id=126#primaryimage","url":"https:\/\/allotoclean.fr\/wp-content\/uploads\/2025\/04\/RenovationPhare2-edited.jpg","contentUrl":"https:\/\/allotoclean.fr\/wp-content\/uploads\/2025\/04\/RenovationPhare2-edited.jpg","width":1350,"height":1350,"caption":"AlloToClean, r\u00e9novation phare voiture Pr\u00e9paration, travail soign\u00e9"},{"@type":"BreadcrumbList","@id":"https:\/\/allotoclean.fr\/?page_id=126#breadcrumb","itemListElement":[{"@type":"ListItem","position":1,"name":"Accueil","item":"https:\/\/allotoclean.fr\/"},{"@type":"ListItem","position":2,"name":"Galerie nettoyage Automobiles"}]},{"@type":"WebSite","@id":"https:\/\/allotoclean.fr\/#website","url":"https:\/\/allotoclean.fr\/","name":"ALLOTOCLEAN","description":"Allo To Clean \u2013 Votre v\u00e9hicule et votre int\u00e9rieur comme neufs","publisher":{"@id":"https:\/\/allotoclean.fr\/#organization"},"potentialAction":[{"@type":"SearchAction","target":{"@type":"EntryPoint","urlTemplate":"https:\/\/allotoclean.fr\/?s={search_term_string}"},"query-input":{"@type":"PropertyValueSpecification","valueRequired":true,"valueName":"search_term_string"}}],"inLanguage":"fr-FR"},{"@type":"Organization","@id":"https:\/\/allotoclean.fr\/#organization","name":"ALLOTOCLEAN","url":"https:\/\/allotoclean.fr\/","logo":{"@type":"ImageObject","inLanguage":"fr-FR","@id":"https:\/\/allotoclean.fr\/#\/schema\/logo\/image\/","url":"http:\/\/allotoclean.fr\/wp-content\/uploads\/2025\/04\/Logo-AlloToClean-scaled.png","contentUrl":"http:\/\/allotoclean.fr\/wp-content\/uploads\/2025\/04\/Logo-AlloToClean-scaled.png","width":2560,"height":1440,"caption":"ALLOTOCLEAN"},"image":{"@id":"https:\/\/allotoclean.fr\/#\/schema\/logo\/image\/"},"sameAs":["https:\/\/www.facebook.com\/p\/Allotoclean-61555261213813\/?locale=fr_FR"]}]}},"_links":{"self":[{"href":"https:\/\/allotoclean.fr\/index.php?rest_route=\/wp\/v2\/pages\/126","targetHints":{"allow":["GET"]}}],"collection":[{"href":"https:\/\/allotoclean.fr\/index.php?rest_route=\/wp\/v2\/pages"}],"about":[{"href":"https:\/\/allotoclean.fr\/index.php?rest_route=\/wp\/v2\/types\/page"}],"author":[{"embeddable":true,"href":"https:\/\/allotoclean.fr\/index.php?rest_route=\/wp\/v2\/users\/1"}],"replies":[{"embeddable":true,"href":"https:\/\/allotoclean.fr\/index.php?rest_route=%2Fwp%2Fv2%2Fcomments&post=126"}],"version-history":[{"count":3,"href":"https:\/\/allotoclean.fr\/index.php?rest_route=\/wp\/v2\/pages\/126\/revisions"}],"predecessor-version":[{"id":177,"href":"https:\/\/allotoclean.fr\/index.php?rest_route=\/wp\/v2\/pages\/126\/revisions\/177"}],"wp:attachment":[{"href":"https:\/\/allotoclean.fr\/index.php?rest_route=%2Fwp%2Fv2%2Fmedia&parent=126"}],"curies":[{"name":"wp","href":"https:\/\/api.w.org\/{rel}","templated":true}]}}